{"id":411,"date":"2018-09-04T12:13:50","date_gmt":"2018-09-04T12:13:50","guid":{"rendered":"http:\/\/127.0.0.1\/wordpress\/?page_id=411"},"modified":"2022-07-10T16:58:28","modified_gmt":"2022-07-10T16:58:28","slug":"pagine-e-canzoniere-da-scarlatti","status":"publish","type":"page","link":"https:\/\/vaguesquartet.com\/index.php\/pagine-e-canzoniere-da-scarlatti\/","title":{"rendered":"Pagine e Canzoniere da Scarlatti"},"content":{"rendered":"[vc_row][vc_column]\n        <header class=\"tz-header type_1 sticky  \">\n                            <div class=\"row\">\n                    <div class=\"col-lg-2 col-md-2 col-sm-2 col-xs-2 text-left\">\n                        <a class=\"tz-header-logo\" href=\"https:\/\/vaguesquartet.com\" title=\"Vagues Saxophone Quartet\">\n                            <img src=\"https:\/\/vaguesquartet.com\/wp-content\/uploads\/2018\/08\/Vagues-Logo-3-WNBG.png\" alt=\"Vagues Saxophone Quartet\" width=\"1188\" height=\"1188\" \/>                        <\/a>\n                    <\/div>\n                    <div class=\"col-lg-8 col-md-8 col-sm-8 col-xs-8 text-center\">\n                        <div class=\"tz-header-menu\">\n                            <nav class=\"nav-collapse\" id=\"tz-navbar-collapse\">\n                                <div class=\"tz-head-mobile\">\n                                    <a class=\"tz-header-logo pull-left\" href=\"https:\/\/vaguesquartet.com\" title=\"Vagues Saxophone Quartet\">\n                                        <img src=\"https:\/\/vaguesquartet.com\/wp-content\/uploads\/2018\/08\/Vagues-Logo-3-WNBG.png\" alt=\"Vagues Saxophone Quartet\" width=\"1188\" height=\"1188\" \/>                                    <\/a>\n                                    <span class=\"tz-close-menu pull-right\"><\/span>\n                                <\/div>\n                                <ul id=\"menu-hp1\" class=\"nav navbar-nav collapse navbar-collapse tz-nav\"><li id=\"menu-item-326\" class=\"menu-item menu-item-type-post_type menu-item-object-page menu-item-home menu-item-326\"><a href=\"https:\/\/vaguesquartet.com\/\" data-ps2id-api=\"true\">Home<\/a><\/li>\n<li id=\"menu-item-259\" class=\"menu-item menu-item-type-post_type menu-item-object-page menu-item-259\"><a href=\"https:\/\/vaguesquartet.com\/index.php\/biografia\/\" data-ps2id-api=\"true\">Bio<\/a><\/li>\n<li id=\"menu-item-423\" class=\"menu-item menu-item-type-post_type menu-item-object-page menu-item-has-children menu-item-423\"><a href=\"https:\/\/vaguesquartet.com\/index.php\/progetti\/\" data-ps2id-api=\"true\">Projects<\/a>\n<ul class=\"sub-menu\">\n\t<li id=\"menu-item-424\" class=\"menu-item menu-item-type-post_type menu-item-object-page menu-item-424\"><a href=\"https:\/\/vaguesquartet.com\/index.php\/russian-bells\/\" data-ps2id-api=\"true\">Vagues Organ Project<\/a><\/li>\n\t<li id=\"menu-item-841\" class=\"menu-item menu-item-type-post_type menu-item-object-page menu-item-841\"><a href=\"https:\/\/vaguesquartet.com\/index.php\/vaguestrio\/\" data-ps2id-api=\"true\">Vagues Saxophone Trio<\/a><\/li>\n\t<li id=\"menu-item-1194\" class=\"menu-item menu-item-type-post_type menu-item-object-page menu-item-1194\"><a href=\"https:\/\/vaguesquartet.com\/index.php\/progetti\/\" data-ps2id-api=\"true\">with Orchestra\/Wind Band<\/a><\/li>\n<\/ul>\n<\/li>\n<li id=\"menu-item-434\" class=\"menu-item menu-item-type-custom menu-item-object-custom menu-item-has-children menu-item-434\"><a href=\"#\" data-ps2id-api=\"true\">Media<\/a>\n<ul class=\"sub-menu\">\n\t<li id=\"menu-item-322\" class=\"menu-item menu-item-type-post_type menu-item-object-page menu-item-322\"><a href=\"https:\/\/vaguesquartet.com\/index.php\/galleria\/\" data-ps2id-api=\"true\">Galleria<\/a><\/li>\n\t<li id=\"menu-item-307\" class=\"menu-item menu-item-type-post_type menu-item-object-page menu-item-307\"><a href=\"https:\/\/vaguesquartet.com\/index.php\/video\/\" data-ps2id-api=\"true\">Video<\/a><\/li>\n\t<li id=\"menu-item-724\" class=\"menu-item menu-item-type-post_type menu-item-object-page menu-item-724\"><a href=\"https:\/\/vaguesquartet.com\/index.php\/audio\/\" data-ps2id-api=\"true\">Audio<\/a><\/li>\n<\/ul>\n<\/li>\n<li id=\"menu-item-685\" class=\"menu-item menu-item-type-post_type menu-item-object-page menu-item-685\"><a href=\"https:\/\/vaguesquartet.com\/index.php\/agenda\/\" data-ps2id-api=\"true\">Agenda<\/a><\/li>\n<li id=\"menu-item-308\" class=\"menu-item menu-item-type-post_type menu-item-object-page menu-item-308\"><a href=\"https:\/\/vaguesquartet.com\/index.php\/contacts\/\" data-ps2id-api=\"true\">Contacts<\/a><\/li>\n<\/ul>                                <div class=\"tz-login-mobile\">\n                                                                    <\/div>\n                            <\/nav>\n                                                    <\/div>\n                    <\/div>\n                    <div class=\"col-lg-2 col-md-2 col-sm-2 col-xs-2 text-right\">\n                        <button class=\"navbar-toggle collapsed tz_icon_menu\" type=\"button\" data-target=\"#tz-navbar-collapse\" data-toggle=\"collapse\">\n                            <span class=\"line_one\"><\/span>\n                            <span class=\"line_two\"><\/span>\n                            <span class=\"line_three\"><\/span>\n                        <\/button>\n                        <div class=\"tz-login pull-right\">\n                                                    <\/div>\n                    <\/div>\n                <\/div>\n                    <\/header>\n\n\n                    <div class=\"tz-Breadcrumb vc_custom_1537522234407\">\n            <div class=\"tzOverlayBreadcrumb\">\n                <div class=\"container\">\n                                                        <\/div><!-- end class container -->\n            <\/div>\n        <\/div><!-- end class tzbreadcrumb -->\n    \n\n[\/vc_column][\/vc_row][vc_row css=&#8221;.vc_custom_1536235338763{margin-top: -70px !important;}&#8221;][vc_column width=&#8221;1\/6&#8243;][\/vc_column][vc_column width=&#8221;3\/6&#8243;]\n    <div class=\"tz-vc-heading  \">\n        <div class=\"content left\">\n            <h3 class=\"title\">Pagine e Canzoniere da Scarlatti<\/h3>            <div class=\"description\"><h2>Salvatore Sciarrino<\/h2>\n<\/div>        <\/div>\n    <\/div>\n\n[\/vc_column][vc_column width=&#8221;1\/6&#8243;]\n    <div class=\"tz-vc-heading  \">\n        <div class=\"content left\">\n                        <div class=\"description\"><p><span style=\"margin-top: 20px;\"><div class=\"sfsi_widget sfsi_shortcode_container\"><div class=\"norm_row sfsi_wDiv \"  style=\"width:225px;text-align:left;\"><div style='width:40px; height:40px;margin-left:5px;margin-bottom:5px; ' class='sfsi_wicons shuffeldiv ' ><div class='inerCnt'><a class=' sficn' data-effect='' target='_blank'  href='https:\/\/www.facebook.com\/vaguesquartet' id='sfsiid_facebook_icon' style='width:40px;height:40px;opacity:1;'  ><img data-pin-nopin='true' alt='Facebook' title='Facebook' src='https:\/\/vaguesquartet.com\/wp-content\/plugins\/ultimate-social-media-icons\/images\/icons_theme\/thin\/thin_facebook.png' width='40' height='40' style='' class='sfcm sfsi_wicon ' data-effect=''   \/><\/a><\/div><\/div><div style='width:40px; height:40px;margin-left:5px;margin-bottom:5px; ' class='sfsi_wicons shuffeldiv ' ><div class='inerCnt'><a class=' sficn' data-effect='' target='_blank'  href='https:\/\/www.linkedin.com\/in\/andrea-mocci-00b7ba50\/' id='sfsiid_linkedin_icon' style='width:40px;height:40px;opacity:1;'  ><img data-pin-nopin='true' alt='LinkedIn' title='LinkedIn' src='https:\/\/vaguesquartet.com\/wp-content\/plugins\/ultimate-social-media-icons\/images\/icons_theme\/thin\/thin_linkedin.png' width='40' height='40' style='' class='sfcm sfsi_wicon ' data-effect=''   \/><\/a><\/div><\/div><div style='width:40px; height:40px;margin-left:5px;margin-bottom:5px; ' class='sfsi_wicons shuffeldiv ' ><div class='inerCnt'><a class=' sficn' data-effect='' target='_blank'  href='https:\/\/www.instagram.com\/vaguesquartet\/' id='sfsiid_instagram_icon' style='width:40px;height:40px;opacity:1;'  ><img data-pin-nopin='true' alt='Instagram' title='Instagram' src='https:\/\/vaguesquartet.com\/wp-content\/plugins\/ultimate-social-media-icons\/images\/icons_theme\/thin\/thin_instagram.png' width='40' height='40' style='' class='sfcm sfsi_wicon ' data-effect=''   \/><\/a><\/div><\/div><\/div ><div id=\"sfsi_holder\" class=\"sfsi_holders\" style=\"position: relative; float: left;width:100%;z-index:-1;\"><\/div ><script>window.addEventListener(\"sfsi_functions_loaded\", function() \r\n\t\t\t{\r\n\t\t\t\tif (typeof sfsi_widget_set == \"function\") {\r\n\t\t\t\t\tsfsi_widget_set();\r\n\t\t\t\t}\r\n\t\t\t}); <\/script><div style=\"clear: both;\"><\/div><\/div><\/span><\/p>\n<\/div>        <\/div>\n    <\/div>\n\n[\/vc_column][vc_column width=&#8221;1\/6&#8243;][\/vc_column][\/vc_row][vc_row][vc_column width=&#8221;1\/6&#8243;][\/vc_column][vc_column width=&#8221;1\/6&#8243;]\n    <div class=\"tz-vc-heading  \">\n        <div class=\"content left\">\n                        <div class=\"description\"><ul>\n<li><em>Andrea Mocci<\/em><\/li>\n<li><em>Francesco Ronzio<\/em><\/li>\n<li><em>Mattia Quirico<\/em><\/li>\n<li><em>Salvatore Castellano<\/em><\/li>\n<\/ul>\n<p>&nbsp;<\/p>\n<p><a href=\"https:\/\/vaguesquartet.com\/wp-content\/uploads\/2018\/08\/Vagues-Saxophone-Quartet-Pagine.pdf\" target=\"_blank\" rel=\"noopener\">Scarica la scheda tecnica<\/a><\/p>\n<\/div>        <\/div>\n    <\/div>\n\n[\/vc_column][vc_column width=&#8221;3\/6&#8243;]\n    <div class=\"tz-vc-heading  \">\n        <div class=\"content left\">\n                        <div class=\"description\"><p style=\"text-align: justify;\">Il quartetto di sassofoni \u00e8 una formazione incredibilmente omogenea fra tutte e duttile, nata oltre cent&#8217;anni fa, tuttavia di rado impiegata al di fuori del jazz e dunque ancora da esplorare.<br \/>\nDalla scuola francese, recentemente \u00e8 fiorita una scuola italiana di sassofono e la qualit\u00e0 tecnica degli strumentisti si \u00e8 molto alzata. Nel frattempo in tutta Europa ha cominciato a costituirsi un repertorio cameristico originale intorno ai vari organici possibili con tale strumento. Io stesso ho scritto La bocca, i piedi, il suono, lavoro di ampie proporzioni destinato a una compagine inconsueta, ovvero: quattro sassofoni contralti solisti pi\u00f9, ad libitum, cento sassofoni in movimento, di ogni taglia.<\/p>\n<p>\u00c8 stata proprio la difficolt\u00e0 di mettere insieme qualcos&#8217;altro con questa composizione ad avvertirmi di una certa mancanza d&#8217;identit\u00e0 di cui soffre il quartetto di sax, non potendo attingere, al pari di qualsiasi altro strumento, a un proprio repertorio anteriore al romanticismo. Perci\u00f2 ho voluto portare un contributo vero a risolvere il problema del repertorio, a parer mio centrale, e ho pensato non tanto a singole composizioni, bens\u00ec a cicli. Per l&#8217;esattezza ho concepito due met\u00e0 di programma, cui ho incluso alcuni brani con funzione di bis. Questi mezzi-concerti mi sembrano ideali da accostare a piacere una met\u00e0 contemporanea, sia mista, sia unitaria.<br \/>\n<img loading=\"lazy\" class=\"alignnone wp-image-616\" src=\"https:\/\/vaguesquartet.com\/wp-content\/uploads\/2018\/09\/Salvatore-Sciarrino-300x189.jpg\" alt=\"\" width=\"833\" height=\"525\" srcset=\"https:\/\/vaguesquartet.com\/wp-content\/uploads\/2018\/09\/Salvatore-Sciarrino-300x189.jpg 300w, https:\/\/vaguesquartet.com\/wp-content\/uploads\/2018\/09\/Salvatore-Sciarrino-768x483.jpg 768w, https:\/\/vaguesquartet.com\/wp-content\/uploads\/2018\/09\/Salvatore-Sciarrino-1024x645.jpg 1024w, https:\/\/vaguesquartet.com\/wp-content\/uploads\/2018\/09\/Salvatore-Sciarrino-600x378.jpg 600w, https:\/\/vaguesquartet.com\/wp-content\/uploads\/2018\/09\/Salvatore-Sciarrino.jpg 1425w\" sizes=\"(max-width: 833px) 100vw, 833px\" \/><\/p>\n<p style=\"text-align: justify;\">La prima proposta si chiama Pagine, un&#8217;antologia aperta su secoli e generi diversi. Monografica la seconda: Canzoniere da Scarlatti, omaggio a un artista troppo malnoto rispetto alla generosit\u00e0 che ci riserva. Nell&#8217;assortire i pezzi ho evitato gli aspetti stereotipi, anzi ho puntato verso l&#8217;inesauribile modernit\u00e0 degli antichi maestri, cosa che oggi va di moda ignorare sfacciatamente. Mentre per condurre Bach entro il quartetto di sax bastano semplici adattamenti (gi\u00e0 praticati da numerosi gruppi), per gli altri autori ho dovuto ingegnarmi e sempre tendere a un suono globale non fisso, cangiante anche a costo di una certa difficolt\u00e0 esecutiva. In Gesualdo ho chirurgicamente ridotto il numero delle voci da 5 a 4, per\u00f2 senza perdere la simmetria delle imitazioni canoniche. Ugualmente per Mozart ho preferito inseguire uno stile ineccepibile, come se la trascrizione fosse destinata a un quartetto d&#8217;archi. Cole Porter a sua volta, per stare vicino a Mozart, viene spogliato e raffreddato, in modo che risalti quasi soltanto il superbo arco melodico e la perfezione formale.<\/p>\n<p style=\"text-align: justify;\">Le due cacce anonime dell&#8217;Ars Nova fanno da spunto per trattamenti radicali: inavvertibili interferenze timbriche la prima, irrompere di suoni tra loro disparati, perfino percussivi, la seconda, cos\u00ec traducendo quanto elencava il testo cantato nell&#8217;originale Gershwin, un musicista dalla doppia anima, fa occhiolino all&#8217;espressionismo, ma \u00e8 spazio ibrido alle evocazioni (il contrabbasso pizzicato, per esempio, vecchio compagno dei sax nelle band all&#8217;americana).<\/p>\n<p style=\"text-align: justify;\">Scarlatti infine. Ha richiesto una strategia a s\u00e9, ambivalente: decisamente novecentesca come gusto pur se i criteri distributivi e l\u2019equilibrio delle parti risultano di un classicismo distillato. Non ho la pretesa d\u2019aver detto tutto e lascio posto per gli amici, alle cui nozze col sassofono la mia fatica \u00e8 dedicata.<\/p>\n<p><em>Salvatore Sciarrino (1998)<\/em><\/p>\n<p>&nbsp;<\/p>\n<p><strong>Pagine<\/strong><\/p>\n<ul>\n<li><em>Carlo Gesualdo da Venosa<\/em>, &#8220;Itene, o miei sospiri&#8221; (Libro V dei Madrigali)<\/li>\n<li><em>Carlo Gesualdo da Venosa<\/em>, &#8220;Tu m&#8217;uccidi, o crudele&#8221; (Libro V dei Madrigali)<\/li>\n<li>\u00a0<em>Johann Sebastian Bach<\/em>, Fughetta super &#8220;Dies sind die heil&#8217;gen zehn Gebot&#8221; BWV 679<\/li>\n<li><em>Johann Sebastian Bach<\/em>, Kyrie<\/li>\n<li><em>Johann Sebastian Bach<\/em>, &#8220;Gott Vater in Ewigkeit&#8221;<\/li>\n<li><em>Domenico Scarlatti<\/em>, Sonata in Mi maggiore L. 257<\/li>\n<li><em>Wolfgang Amadeus Mozart<\/em>, Adagio della Serenata (Gran Partita) in Si bemolle maggiore, K. 361<\/li>\n<li><em>Cole Porter<\/em>, &#8220;I&#8217;ve Got You Under My Skin&#8221;<\/li>\n<li><em>Anonimo<\/em> (XIV sec.), &#8220;O Virgo splendens&#8221;<\/li>\n<li><em>Anonimo<\/em> (XIV sec.), &#8220;Tres dous compains<\/li>\n<li>I Bis. <em>George Gershwin<\/em>, &#8220;Who Cares?&#8221;<\/li>\n<li>II Bis. <em>Domenico Scarlatti<\/em>, Sonata in Re minore L. 215<\/li>\n<\/ul>\n<p>&nbsp;<\/p>\n<p>Da <strong><em>Canzoniere da Scarlatti<\/em><\/strong><\/p>\n<ul>\n<li>Elaborazioni da concerto per quartetto di sax dalle Sonate L. 222 L. 230 L. 238L. 428 L. 439 L. 448<\/li>\n<\/ul>\n<\/div>        <\/div>\n    <\/div>\n\n[\/vc_column][vc_column width=&#8221;1\/6&#8243;][\/vc_column][\/vc_row][vc_row][vc_column][vc_separator color=&#8221;orange&#8221; border_width=&#8221;2&#8243;]\n<footer class=\"site-footer\">\n            \n<div class=\"site-footer-bottom\">\n    <div class=\"container\">\n                    <\/div>\n<\/div>\n<\/footer>\n[\/vc_column][\/vc_row]\n","protected":false},"excerpt":{"rendered":"<p>[vc_row][vc_column][\/vc_column][\/vc_row][vc_row css=&#8221;.vc_custom_1536235338763{margin-top: -70px !important;}&#8221;][vc_column width=&#8221;1\/6&#8243;][\/vc_column][vc_column width=&#8221;3\/6&#8243;][\/vc_column][vc_column width=&#8221;1\/6&#8243;][\/vc_column][vc_column width=&#8221;1\/6&#8243;][\/vc_column][\/vc_row][vc_row][vc_column width=&#8221;1\/6&#8243;][\/vc_column][vc_column width=&#8221;1\/6&#8243;][\/vc_column][vc_column width=&#8221;3\/6&#8243;][\/vc_column][vc_column width=&#8221;1\/6&#8243;][\/vc_column][\/vc_row][vc_row][vc_column][vc_separator color=&#8221;orange&#8221; border_width=&#8221;2&#8243;][\/vc_column][\/vc_row]<\/p>\n","protected":false},"author":5,"featured_media":0,"parent":0,"menu_order":0,"comment_status":"closed","ping_status":"closed","template":"template-vc.php","meta":{"_bbp_topic_count":0,"_bbp_reply_count":0,"_bbp_total_topic_count":0,"_bbp_total_reply_count":0,"_bbp_voice_count":0,"_bbp_anonymous_reply_count":0,"_bbp_topic_count_hidden":0,"_bbp_reply_count_hidden":0,"_bbp_forum_subforum_count":0},"_links":{"self":[{"href":"https:\/\/vaguesquartet.com\/index.php\/wp-json\/wp\/v2\/pages\/411"}],"collection":[{"href":"https:\/\/vaguesquartet.com\/index.php\/wp-json\/wp\/v2\/pages"}],"about":[{"href":"https:\/\/vaguesquartet.com\/index.php\/wp-json\/wp\/v2\/types\/page"}],"author":[{"embeddable":true,"href":"https:\/\/vaguesquartet.com\/index.php\/wp-json\/wp\/v2\/users\/5"}],"replies":[{"embeddable":true,"href":"https:\/\/vaguesquartet.com\/index.php\/wp-json\/wp\/v2\/comments?post=411"}],"version-history":[{"count":24,"href":"https:\/\/vaguesquartet.com\/index.php\/wp-json\/wp\/v2\/pages\/411\/revisions"}],"predecessor-version":[{"id":1004,"href":"https:\/\/vaguesquartet.com\/index.php\/wp-json\/wp\/v2\/pages\/411\/revisions\/1004"}],"wp:attachment":[{"href":"https:\/\/vaguesquartet.com\/index.php\/wp-json\/wp\/v2\/media?parent=411"}],"curies":[{"name":"wp","href":"https:\/\/api.w.org\/{rel}","templated":true}]}}