{"id":402,"date":"2018-09-04T11:57:06","date_gmt":"2018-09-04T11:57:06","guid":{"rendered":"http:\/\/127.0.0.1\/wordpress\/?page_id=402"},"modified":"2019-09-23T16:15:13","modified_gmt":"2019-09-23T16:15:13","slug":"russian-bells","status":"publish","type":"page","link":"https:\/\/vaguesquartet.com\/index.php\/russian-bells\/","title":{"rendered":"Russian Bells"},"content":{"rendered":"[vc_row][vc_column]\n        <header class=\"tz-header type_1 sticky  \">\n                            <div class=\"row\">\n                    <div class=\"col-lg-2 col-md-2 col-sm-2 col-xs-2 text-left\">\n                        <a class=\"tz-header-logo\" href=\"https:\/\/vaguesquartet.com\" title=\"Vagues Saxophone Quartet\">\n                            <img src=\"https:\/\/vaguesquartet.com\/wp-content\/uploads\/2018\/08\/Vagues-Logo-3-WNBG.png\" alt=\"Vagues Saxophone Quartet\" width=\"1188\" height=\"1188\" \/>                        <\/a>\n                    <\/div>\n                    <div class=\"col-lg-8 col-md-8 col-sm-8 col-xs-8 text-center\">\n                        <div class=\"tz-header-menu\">\n                            <nav class=\"nav-collapse\" id=\"tz-navbar-collapse\">\n                                <div class=\"tz-head-mobile\">\n                                    <a class=\"tz-header-logo pull-left\" href=\"https:\/\/vaguesquartet.com\" title=\"Vagues Saxophone Quartet\">\n                                        <img src=\"https:\/\/vaguesquartet.com\/wp-content\/uploads\/2018\/08\/Vagues-Logo-3-WNBG.png\" alt=\"Vagues Saxophone Quartet\" width=\"1188\" height=\"1188\" \/>                                    <\/a>\n                                    <span class=\"tz-close-menu pull-right\"><\/span>\n                                <\/div>\n                                <ul id=\"menu-hp1\" class=\"nav navbar-nav collapse navbar-collapse tz-nav\"><li id=\"menu-item-326\" class=\"menu-item menu-item-type-post_type menu-item-object-page menu-item-home menu-item-326\"><a href=\"https:\/\/vaguesquartet.com\/\" data-ps2id-api=\"true\">Home<\/a><\/li>\n<li id=\"menu-item-259\" class=\"menu-item menu-item-type-post_type menu-item-object-page menu-item-259\"><a href=\"https:\/\/vaguesquartet.com\/index.php\/biografia\/\" data-ps2id-api=\"true\">Bio<\/a><\/li>\n<li id=\"menu-item-423\" class=\"menu-item menu-item-type-post_type menu-item-object-page menu-item-has-children menu-item-423\"><a href=\"https:\/\/vaguesquartet.com\/index.php\/progetti\/\" data-ps2id-api=\"true\">Projects<\/a>\n<ul class=\"sub-menu\">\n\t<li id=\"menu-item-424\" class=\"menu-item menu-item-type-post_type menu-item-object-page menu-item-424\"><a href=\"https:\/\/vaguesquartet.com\/index.php\/russian-bells\/\" data-ps2id-api=\"true\">Vagues Organ Project<\/a><\/li>\n\t<li id=\"menu-item-841\" class=\"menu-item menu-item-type-post_type menu-item-object-page menu-item-841\"><a href=\"https:\/\/vaguesquartet.com\/index.php\/vaguestrio\/\" data-ps2id-api=\"true\">Vagues Saxophone Trio<\/a><\/li>\n\t<li id=\"menu-item-1194\" class=\"menu-item menu-item-type-post_type menu-item-object-page menu-item-1194\"><a href=\"https:\/\/vaguesquartet.com\/index.php\/progetti\/\" data-ps2id-api=\"true\">with Orchestra\/Wind Band<\/a><\/li>\n<\/ul>\n<\/li>\n<li id=\"menu-item-434\" class=\"menu-item menu-item-type-custom menu-item-object-custom menu-item-has-children menu-item-434\"><a href=\"#\" data-ps2id-api=\"true\">Media<\/a>\n<ul class=\"sub-menu\">\n\t<li id=\"menu-item-322\" class=\"menu-item menu-item-type-post_type menu-item-object-page menu-item-322\"><a href=\"https:\/\/vaguesquartet.com\/index.php\/galleria\/\" data-ps2id-api=\"true\">Galleria<\/a><\/li>\n\t<li id=\"menu-item-307\" class=\"menu-item menu-item-type-post_type menu-item-object-page menu-item-307\"><a href=\"https:\/\/vaguesquartet.com\/index.php\/video\/\" data-ps2id-api=\"true\">Video<\/a><\/li>\n\t<li id=\"menu-item-724\" class=\"menu-item menu-item-type-post_type menu-item-object-page menu-item-724\"><a href=\"https:\/\/vaguesquartet.com\/index.php\/audio\/\" data-ps2id-api=\"true\">Audio<\/a><\/li>\n<\/ul>\n<\/li>\n<li id=\"menu-item-685\" class=\"menu-item menu-item-type-post_type menu-item-object-page menu-item-685\"><a href=\"https:\/\/vaguesquartet.com\/index.php\/agenda\/\" data-ps2id-api=\"true\">Agenda<\/a><\/li>\n<li id=\"menu-item-308\" class=\"menu-item menu-item-type-post_type menu-item-object-page menu-item-308\"><a href=\"https:\/\/vaguesquartet.com\/index.php\/contacts\/\" data-ps2id-api=\"true\">Contacts<\/a><\/li>\n<\/ul>                                <div class=\"tz-login-mobile\">\n                                                                    <\/div>\n                            <\/nav>\n                                                    <\/div>\n                    <\/div>\n                    <div class=\"col-lg-2 col-md-2 col-sm-2 col-xs-2 text-right\">\n                        <button class=\"navbar-toggle collapsed tz_icon_menu\" type=\"button\" data-target=\"#tz-navbar-collapse\" data-toggle=\"collapse\">\n                            <span class=\"line_one\"><\/span>\n                            <span class=\"line_two\"><\/span>\n                            <span class=\"line_three\"><\/span>\n                        <\/button>\n                        <div class=\"tz-login pull-right\">\n                                                    <\/div>\n                    <\/div>\n                <\/div>\n                    <\/header>\n\n\n                    <div class=\"tz-Breadcrumb vc_custom_1537522460674\">\n            <div class=\"tzOverlayBreadcrumb\">\n                <div class=\"container\">\n                                                        <\/div><!-- end class container -->\n            <\/div>\n        <\/div><!-- end class tzbreadcrumb -->\n    \n\n[\/vc_column][\/vc_row][vc_row css=&#8221;.vc_custom_1536235384147{margin-top: -70px !important;}&#8221;][vc_column width=&#8221;1\/6&#8243;][\/vc_column][vc_column width=&#8221;2\/3&#8243;][vc_row_inner][vc_column_inner width=&#8221;1\/2&#8243;]\n    <div class=\"tz-vc-heading  \">\n        <div class=\"content left\">\n            <h3 class=\"title\">Russian Bells<\/h3>            <div class=\"description\"><h2>Per quartetto di saxofoni e organo<\/h2>\n<\/div>        <\/div>\n    <\/div>\n\n[\/vc_column_inner][vc_column_inner width=&#8221;1\/2&#8243;]\n    <div class=\"tz-vc-heading  \">\n        <div class=\"content left\">\n                        <div class=\"description\"><div class=\"sfsi_widget sfsi_shortcode_container\"><div class=\"norm_row sfsi_wDiv \"  style=\"width:225px;text-align:left;\"><div style='width:40px; height:40px;margin-left:5px;margin-bottom:5px; ' class='sfsi_wicons shuffeldiv ' ><div class='inerCnt'><a class=' sficn' data-effect='' target='_blank'  href='https:\/\/www.facebook.com\/vaguesquartet' id='sfsiid_facebook_icon' style='width:40px;height:40px;opacity:1;'  ><img data-pin-nopin='true' alt='Facebook' title='Facebook' src='https:\/\/vaguesquartet.com\/wp-content\/plugins\/ultimate-social-media-icons\/images\/icons_theme\/thin\/thin_facebook.png' width='40' height='40' style='' class='sfcm sfsi_wicon ' data-effect=''   \/><\/a><\/div><\/div><div style='width:40px; height:40px;margin-left:5px;margin-bottom:5px; ' class='sfsi_wicons shuffeldiv ' ><div class='inerCnt'><a class=' sficn' data-effect='' target='_blank'  href='https:\/\/www.linkedin.com\/in\/andrea-mocci-00b7ba50\/' id='sfsiid_linkedin_icon' style='width:40px;height:40px;opacity:1;'  ><img data-pin-nopin='true' alt='LinkedIn' title='LinkedIn' src='https:\/\/vaguesquartet.com\/wp-content\/plugins\/ultimate-social-media-icons\/images\/icons_theme\/thin\/thin_linkedin.png' width='40' height='40' style='' class='sfcm sfsi_wicon ' data-effect=''   \/><\/a><\/div><\/div><div style='width:40px; height:40px;margin-left:5px;margin-bottom:5px; ' class='sfsi_wicons shuffeldiv ' ><div class='inerCnt'><a class=' sficn' data-effect='' target='_blank'  href='https:\/\/www.instagram.com\/vaguesquartet\/' id='sfsiid_instagram_icon' style='width:40px;height:40px;opacity:1;'  ><img data-pin-nopin='true' alt='Instagram' title='Instagram' src='https:\/\/vaguesquartet.com\/wp-content\/plugins\/ultimate-social-media-icons\/images\/icons_theme\/thin\/thin_instagram.png' width='40' height='40' style='' class='sfcm sfsi_wicon ' data-effect=''   \/><\/a><\/div><\/div><\/div ><div id=\"sfsi_holder\" class=\"sfsi_holders\" style=\"position: relative; float: left;width:100%;z-index:-1;\"><\/div ><script>window.addEventListener(\"sfsi_functions_loaded\", function() \r\n\t\t\t{\r\n\t\t\t\tif (typeof sfsi_widget_set == \"function\") {\r\n\t\t\t\t\tsfsi_widget_set();\r\n\t\t\t\t}\r\n\t\t\t}); <\/script><div style=\"clear: both;\"><\/div><\/div>\n<\/div>        <\/div>\n    <\/div>\n\n[\/vc_column_inner][\/vc_row_inner][\/vc_column][vc_column width=&#8221;1\/6&#8243;][\/vc_column][\/vc_row][vc_row][vc_column width=&#8221;1\/6&#8243; css=&#8221;.vc_custom_1536062225319{border-radius: 4px !important;}&#8221;][\/vc_column][vc_column width=&#8221;1\/6&#8243;]\n    <div class=\"tz-vc-heading  vc_custom_1536237015347\">\n        <div class=\"content left\">\n                        <div class=\"description\"><p><strong>Saxofoni<\/strong><\/p>\n<ul>\n<li><em>Andrea Mocci<\/em><\/li>\n<li><em>Francesco Ronzio<\/em><\/li>\n<li><em>Mattia Quirico<\/em><\/li>\n<li><em>Salvatore Castellano<\/em><\/li>\n<\/ul>\n<p><strong>Organo<\/strong><\/p>\n<ul>\n<li><em>Giovanni Solinas<\/em><\/li>\n<\/ul>\n<p><a href=\"https:\/\/vaguesquartet.com\/wp-content\/uploads\/2018\/08\/Vagues-saxophone-quartet-Russian-Bells.pdf\" target=\"_blank\" rel=\"noopener\">Scarica la scheda tecnica<\/a><\/p>\n<\/div>        <\/div>\n    <\/div>\n\n[\/vc_column][vc_column width=&#8221;3\/6&#8243;]\n    <div class=\"tz-vc-heading  \">\n        <div class=\"content left\">\n                        <div class=\"description\"><p style=\"text-align: justify;\"><img loading=\"lazy\" class=\" wp-image-641 aligncenter\" src=\"https:\/\/vaguesquartet.com\/wp-content\/uploads\/2018\/09\/Giovanni-Solinas-300x300.jpg\" alt=\"\" width=\"502\" height=\"502\" srcset=\"https:\/\/vaguesquartet.com\/wp-content\/uploads\/2018\/09\/Giovanni-Solinas-300x300.jpg 300w, https:\/\/vaguesquartet.com\/wp-content\/uploads\/2018\/09\/Giovanni-Solinas-150x150.jpg 150w, https:\/\/vaguesquartet.com\/wp-content\/uploads\/2018\/09\/Giovanni-Solinas.jpg 600w, https:\/\/vaguesquartet.com\/wp-content\/uploads\/2018\/09\/Giovanni-Solinas-100x100.jpg 100w\" sizes=\"(max-width: 502px) 100vw, 502px\" \/><\/p>\n<p style=\"text-align: justify;\">Nato grazie alla preziosa collaborazione con l\u2019organista algherese Giovanni Solinas, Kirchenmusiker presso la Pfarrkirche St. Cornelius in D\u00fclken, Germania, il Vagues Saxophone Quartet \u201cOrgan Project\u201d \u00e8 uno spettacolo sonoro di una bellezza unica.<\/p>\n<p style=\"text-align: justify;\">L\u2019unione di due strumenti cos\u00ec lontani ma cos\u00ec affini, l\u2019organo e il saxofono, agli antipodi nell\u2019immaginario comune non solo per la storia che li separa, ma perch\u00e9 gli strumenti forse pi\u00f9 caratteristici di ambienti sociali profondamente opposti, quello dell\u2019istituzione religiosa e quello del profano dalle sonorit\u00e0 pi\u00f9 lussureggianti, eppure cos\u00ec vicini, entrambi strumenti caratterizzati dall\u2019\u201daria\u201d e dalle \u201cance\u201d.<\/p>\n<p style=\"text-align: justify;\">\n<p style=\"text-align: justify;\">\n<p style=\"text-align: justify;\">A proposito di Russian Bells:<\/p>\n<p style=\"text-align: justify;\"><em>La tradizione sacra russa non prevede l\u2019impiego di strumenti altri che la voce in chiesa e le campane fuori dal tempio. Sembrerebbe poca cosa finch\u00e9 non si assiste ad uno zvon come si definisce in russo la scampanata di un coro di campane , piccole e grandi, che precede o chiude un servizio liturgico. <\/em><\/p>\n<p style=\"text-align: justify;\"><em>A Ganina Yama in un recinto consacrato ci sono sette chiese con i relativi cori di campane e ascoltare i loro rintocchi che si sommano e si richiamano nei modi pi\u00f9 casuali \u00e8 stata una bella esperienza musicale. Con il mio Russian bells ho voluto in qualche modo far rivivere quella situazione con strumenti , sassofoni e organo, che nulla hanno a che vedere con la fisica sonora delle campane, ho quindi mirato pi\u00f9 a ricrearne l\u2019atmosfera emotiva e la suggestione che il reale suono. <\/em><\/p>\n<p style=\"text-align: justify;\"><em>Da una esplosione sonora iniziale, le campane ci sorprendono sempre al loro primo apparire, sono passato all\u2019articolazione dei cori, a quel risuonare di piccole melodie che si seguono e si sommano per poi passare dopo una fragorosa accumulazione ad una terza parte . E\u2019 l\u2019aspetto pi\u00f9 suggestivo del suono delle campane: quando, dopo che hanno suonato, lasciano nell\u2019aria la loro vibrazione, un ricordo che solo lentamente affievolisce e sopisce portando cone se un senso di pace e benessere quale che sia la latitudine o il credo al quale chi ascolta appartiene.<\/em><\/p>\n<p style=\"text-align: justify;\">Paolo Ugoletti<\/p>\n<p style=\"text-align: justify;\"><em>\u00a0<\/em><\/p>\n<p style=\"text-align: justify;\"><em>\u00a0<\/em><\/p>\n<p style=\"text-align: justify;\"><em>Programma:<\/em><\/p>\n<p style=\"text-align: justify;\"><strong>\u00a0<\/strong><\/p>\n<p style=\"text-align: justify;\"><strong>\u00a0<\/strong><\/p>\n<p style=\"text-align: justify;\"><strong>Enjott Schneider<\/strong> \u2013 Crucifixus (20\u2019)<\/p>\n<p style=\"text-align: justify;\"><em>Toccata<\/em><\/p>\n<p style=\"text-align: justify;\"><em>Adagio<\/em><\/p>\n<p style=\"text-align: justify;\"><em>Marcia Funebre<\/em><\/p>\n<p style=\"text-align: justify;\"><strong>\u00a0<\/strong><\/p>\n<p style=\"text-align: justify;\"><strong>Paolo Ugoletti \u2013 <\/strong>Russian Bells (10\u2019)<\/p>\n<p style=\"text-align: justify;\"><strong>\u00a0<\/strong><\/p>\n<p style=\"text-align: justify;\"><strong>Barbara Thompson <\/strong>\u2013 4 Mirages (20\u2019)<\/p>\n<p style=\"text-align: justify;\">\n<\/div>        <\/div>\n    <\/div>\n\n[\/vc_column][vc_column width=&#8221;1\/6&#8243;][\/vc_column][\/vc_row][vc_row][vc_column][vc_separator color=&#8221;orange&#8221; border_width=&#8221;2&#8243;]\n<footer class=\"site-footer\">\n            \n<div class=\"site-footer-bottom\">\n    <div class=\"container\">\n                    <\/div>\n<\/div>\n<\/footer>\n[\/vc_column][\/vc_row]\n","protected":false},"excerpt":{"rendered":"<p>[vc_row][vc_column][\/vc_column][\/vc_row][vc_row css=&#8221;.vc_custom_1536235384147{margin-top: -70px !important;}&#8221;][vc_column width=&#8221;1\/6&#8243;][\/vc_column][vc_column width=&#8221;2\/3&#8243;][vc_row_inner][vc_column_inner width=&#8221;1\/2&#8243;][\/vc_column_inner][vc_column_inner width=&#8221;1\/2&#8243;][\/vc_column_inner][\/vc_row_inner][\/vc_column][vc_column width=&#8221;1\/6&#8243;][\/vc_column][\/vc_row][vc_row][vc_column width=&#8221;1\/6&#8243; css=&#8221;.vc_custom_1536062225319{border-radius: 4px !important;}&#8221;][\/vc_column][vc_column width=&#8221;1\/6&#8243;][\/vc_column][vc_column width=&#8221;3\/6&#8243;][\/vc_column][vc_column width=&#8221;1\/6&#8243;][\/vc_column][\/vc_row][vc_row][vc_column][vc_separator color=&#8221;orange&#8221; border_width=&#8221;2&#8243;][\/vc_column][\/vc_row]<\/p>\n","protected":false},"author":5,"featured_media":0,"parent":0,"menu_order":0,"comment_status":"closed","ping_status":"closed","template":"template-vc.php","meta":{"_bbp_topic_count":0,"_bbp_reply_count":0,"_bbp_total_topic_count":0,"_bbp_total_reply_count":0,"_bbp_voice_count":0,"_bbp_anonymous_reply_count":0,"_bbp_topic_count_hidden":0,"_bbp_reply_count_hidden":0,"_bbp_forum_subforum_count":0},"_links":{"self":[{"href":"https:\/\/vaguesquartet.com\/index.php\/wp-json\/wp\/v2\/pages\/402"}],"collection":[{"href":"https:\/\/vaguesquartet.com\/index.php\/wp-json\/wp\/v2\/pages"}],"about":[{"href":"https:\/\/vaguesquartet.com\/index.php\/wp-json\/wp\/v2\/types\/page"}],"author":[{"embeddable":true,"href":"https:\/\/vaguesquartet.com\/index.php\/wp-json\/wp\/v2\/users\/5"}],"replies":[{"embeddable":true,"href":"https:\/\/vaguesquartet.com\/index.php\/wp-json\/wp\/v2\/comments?post=402"}],"version-history":[{"count":25,"href":"https:\/\/vaguesquartet.com\/index.php\/wp-json\/wp\/v2\/pages\/402\/revisions"}],"predecessor-version":[{"id":1168,"href":"https:\/\/vaguesquartet.com\/index.php\/wp-json\/wp\/v2\/pages\/402\/revisions\/1168"}],"wp:attachment":[{"href":"https:\/\/vaguesquartet.com\/index.php\/wp-json\/wp\/v2\/media?parent=402"}],"curies":[{"name":"wp","href":"https:\/\/api.w.org\/{rel}","templated":true}]}}