{"id":393,"date":"2018-09-04T11:22:11","date_gmt":"2018-09-04T11:22:11","guid":{"rendered":"http:\/\/127.0.0.1\/wordpress\/?page_id=393"},"modified":"2020-08-19T15:06:12","modified_gmt":"2020-08-19T15:06:12","slug":"progetti","status":"publish","type":"page","link":"https:\/\/vaguesquartet.com\/index.php\/progetti\/","title":{"rendered":"Progetti"},"content":{"rendered":"[vc_row][vc_column]\n        <header class=\"tz-header type_1 sticky  \">\n                            <div class=\"row\">\n                    <div class=\"col-lg-2 col-md-2 col-sm-2 col-xs-2 text-left\">\n                        <a class=\"tz-header-logo\" href=\"https:\/\/vaguesquartet.com\" title=\"Vagues Saxophone Quartet\">\n                            <img src=\"https:\/\/vaguesquartet.com\/wp-content\/uploads\/2018\/08\/Vagues-Logo-3-WNBG.png\" alt=\"Vagues Saxophone Quartet\" width=\"1188\" height=\"1188\" \/>                        <\/a>\n                    <\/div>\n                    <div class=\"col-lg-8 col-md-8 col-sm-8 col-xs-8 text-center\">\n                        <div class=\"tz-header-menu\">\n                            <nav class=\"nav-collapse\" id=\"tz-navbar-collapse\">\n                                <div class=\"tz-head-mobile\">\n                                    <a class=\"tz-header-logo pull-left\" href=\"https:\/\/vaguesquartet.com\" title=\"Vagues Saxophone Quartet\">\n                                        <img src=\"https:\/\/vaguesquartet.com\/wp-content\/uploads\/2018\/08\/Vagues-Logo-3-WNBG.png\" alt=\"Vagues Saxophone Quartet\" width=\"1188\" height=\"1188\" \/>                                    <\/a>\n                                    <span class=\"tz-close-menu pull-right\"><\/span>\n                                <\/div>\n                                <ul id=\"menu-hp1\" class=\"nav navbar-nav collapse navbar-collapse tz-nav\"><li id=\"menu-item-326\" class=\"menu-item menu-item-type-post_type menu-item-object-page menu-item-home menu-item-326\"><a href=\"https:\/\/vaguesquartet.com\/\" data-ps2id-api=\"true\">Home<\/a><\/li>\n<li id=\"menu-item-259\" class=\"menu-item menu-item-type-post_type menu-item-object-page menu-item-259\"><a href=\"https:\/\/vaguesquartet.com\/index.php\/biografia\/\" data-ps2id-api=\"true\">Bio<\/a><\/li>\n<li id=\"menu-item-423\" class=\"menu-item menu-item-type-post_type menu-item-object-page menu-item-has-children menu-item-423\"><a href=\"https:\/\/vaguesquartet.com\/index.php\/progetti\/\" data-ps2id-api=\"true\">Projects<\/a>\n<ul class=\"sub-menu\">\n\t<li id=\"menu-item-424\" class=\"menu-item menu-item-type-post_type menu-item-object-page menu-item-424\"><a href=\"https:\/\/vaguesquartet.com\/index.php\/russian-bells\/\" data-ps2id-api=\"true\">Vagues Organ Project<\/a><\/li>\n\t<li id=\"menu-item-841\" class=\"menu-item menu-item-type-post_type menu-item-object-page menu-item-841\"><a href=\"https:\/\/vaguesquartet.com\/index.php\/vaguestrio\/\" data-ps2id-api=\"true\">Vagues Saxophone Trio<\/a><\/li>\n\t<li id=\"menu-item-1194\" class=\"menu-item menu-item-type-post_type menu-item-object-page menu-item-1194\"><a href=\"https:\/\/vaguesquartet.com\/index.php\/progetti\/\" data-ps2id-api=\"true\">with Orchestra\/Wind Band<\/a><\/li>\n<\/ul>\n<\/li>\n<li id=\"menu-item-434\" class=\"menu-item menu-item-type-custom menu-item-object-custom menu-item-has-children menu-item-434\"><a href=\"#\" data-ps2id-api=\"true\">Media<\/a>\n<ul class=\"sub-menu\">\n\t<li id=\"menu-item-322\" class=\"menu-item menu-item-type-post_type menu-item-object-page menu-item-322\"><a href=\"https:\/\/vaguesquartet.com\/index.php\/galleria\/\" data-ps2id-api=\"true\">Galleria<\/a><\/li>\n\t<li id=\"menu-item-307\" class=\"menu-item menu-item-type-post_type menu-item-object-page menu-item-307\"><a href=\"https:\/\/vaguesquartet.com\/index.php\/video\/\" data-ps2id-api=\"true\">Video<\/a><\/li>\n\t<li id=\"menu-item-724\" class=\"menu-item menu-item-type-post_type menu-item-object-page menu-item-724\"><a href=\"https:\/\/vaguesquartet.com\/index.php\/audio\/\" data-ps2id-api=\"true\">Audio<\/a><\/li>\n<\/ul>\n<\/li>\n<li id=\"menu-item-685\" class=\"menu-item menu-item-type-post_type menu-item-object-page menu-item-685\"><a href=\"https:\/\/vaguesquartet.com\/index.php\/agenda\/\" data-ps2id-api=\"true\">Agenda<\/a><\/li>\n<li id=\"menu-item-308\" class=\"menu-item menu-item-type-post_type menu-item-object-page menu-item-308\"><a href=\"https:\/\/vaguesquartet.com\/index.php\/contacts\/\" data-ps2id-api=\"true\">Contacts<\/a><\/li>\n<\/ul>                                <div class=\"tz-login-mobile\">\n                                                                    <\/div>\n                            <\/nav>\n                                                    <\/div>\n                    <\/div>\n                    <div class=\"col-lg-2 col-md-2 col-sm-2 col-xs-2 text-right\">\n                        <button class=\"navbar-toggle collapsed tz_icon_menu\" type=\"button\" data-target=\"#tz-navbar-collapse\" data-toggle=\"collapse\">\n                            <span class=\"line_one\"><\/span>\n                            <span class=\"line_two\"><\/span>\n                            <span class=\"line_three\"><\/span>\n                        <\/button>\n                        <div class=\"tz-login pull-right\">\n                                                    <\/div>\n                    <\/div>\n                <\/div>\n                    <\/header>\n\n\n                    <div class=\"tz-Breadcrumb vc_custom_1537521810318\">\n            <div class=\"tzOverlayBreadcrumb\">\n                <div class=\"container\">\n                                                        <\/div><!-- end class container -->\n            <\/div>\n        <\/div><!-- end class tzbreadcrumb -->\n    \n\n[\/vc_column][\/vc_row][vc_row][vc_column width=&#8221;1\/6&#8243;][\/vc_column][vc_column width=&#8221;2\/3&#8243;]\n    <div class=\"tz-vc-heading  \">\n        <div class=\"content left\">\n            <h3 class=\"title\">Progetti<\/h3>            <div class=\"description\"><div class=\"mo-openid-app-icons circle \"><p style=\"margin-top:4% !important; margin-bottom:0px !important; color:#000000\">Share with:<\/p><div class='horizontal'><a rel='nofollow' title='facebook' onclick='popupCenter(\"https:\/\/www.facebook.com\/sharer\/sharer.php?u=https:\/\/vaguesquartet.com&src=sdkpreparse\", 800, 500);' class='mo-openid-share-link' style='margin-left : 9px !important'><i class='mo-custom-share-icon oval fab fa-facebook' style='padding-top:8px;text-align:center;color:#ffffff;font-size:21px !important;background-color:#1877F2;height:37px !important;width:37px !important;'><\/i><\/a><a rel='nofollow' title='twitter' onclick='popupCenter(\"https:\/\/twitter.com\/intent\/tweet?text=Progetti&amp;url=https:\/\/vaguesquartet.com\", 800, 500);' class='mo-openid-share-link' style='margin-left : 9px !important'><i class='mo-custom-share-icon oval fab fa-twitter' style='padding-top:8px;text-align:center;color:#ffffff;font-size:21px !important;background-color:#2795e9;height:37px !important;width:37px !important;'><\/i><\/a><a rel='nofollow' title='google' onclick='popupCenter(\"https:\/\/plus.google.com\/share?url=https:\/\/vaguesquartet.com\", 800, 500);' class='mo-openid-share-link' style='margin-left : 9px !important'><i class='mo-custom-share-icon oval fab fa-google' style='padding-top:8px;text-align:center;color:#ffffff;font-size:21px !important;background-color:#DB4437;height:37px !important;width:37px !important;'><\/i><\/a><a rel='nofollow' title='linkedin' onclick='popupCenter(\"https:\/\/www.linkedin.com\/shareArticle?mini=true&amp;title=Progetti&amp;url=https:\/\/vaguesquartet.com&amp;summary=\", 800, 500);' class='mo-openid-share-link' style='margin-left : 9px !important'><i class='mo-custom-share-icon oval fab fa-linkedin' style='padding-top:8px;text-align:center;color:#ffffff;font-size:21px !important;background-color:#007bb6;height:37px !important;width:37px !important;'><\/i><\/a><\/div><\/div><br\/><script>function popupCenter(pageURL, w,h) {var left = (screen.width\/2)-(w\/2);var top = (screen.height\/2)-(h\/2);var targetWin = window.open (pageURL, '_blank','toolbar=no, location=no, directories=no, status=no, menubar=no, scrollbars=no, resizable=no, copyhistory=no, width='+w+', height='+h+', top='+top+', left='+left);}function pinIt(){var e = document.createElement(\"script\");e.setAttribute('type','text\/javascript');e.setAttribute('charset','UTF-8');e.setAttribute('src','https:\/\/assets.pinterest.com\/js\/pinmarklet.js?r='+Math.random()*99999999);\n\t\tdocument.body.appendChild(e);}<\/script>\n<p style=\"text-align: center;\">Quest&#8217;area raccoglie i nostri progetti frutto di sperimentazioni tematiche intorno a musiche, compositori, collaborazioni con altri interpreti e ensemble<\/p>\n<p style=\"text-align: center;\"><span style=\"font-size: 16px;\"><a href=\"https:\/\/vaguesquartet.com\/index.php\/pagine-e-canzoniere-da-scarlatti\/\"><em>Pagine e Canzoniere da Scarlatti<\/em><\/a><\/span><\/p>\n<p style=\"text-align: center;\"><span style=\"font-size: 16px;\"><a href=\"#progetto2\"><em>Russian Bells &#8211; Organ Project<\/em><\/a><\/span><\/p>\n<p style=\"text-align: center;\"><span style=\"font-size: 16px;\"><a href=\"https:\/\/vaguesquartet.com\/index.php\/vaguestrio\/\"><em>Vagues Saxophone TRIO <\/em><\/a><\/span><\/p>\n<p style=\"text-align: center;\">\n<\/div>        <\/div>\n    <\/div>\n\n[\/vc_column][vc_column width=&#8221;1\/6&#8243;][\/vc_column][\/vc_row][vc_row][vc_column width=&#8221;1\/6&#8243; el_id=&#8221;progetto1&#8243;][\/vc_column][vc_column width=&#8221;2\/3&#8243;][vc_separator color=&#8221;orange&#8221; border_width=&#8221;2&#8243; css=&#8221;.vc_custom_1536060861980{margin-top: 50px !important;margin-bottom: 30px !important;}&#8221;][vc_single_image image=&#8221;616&#8243; img_size=&#8221;large&#8221; alignment=&#8221;center&#8221; title=&#8221;Pagine e Canzoniere da Scarlatti&#8221;]\n    <div class=\"tz-vc-heading  \">\n        <div class=\"content left\">\n                        <div class=\"description\"><p style=\"text-align: justify;\">Il quartetto di sassofoni \u00e8 una formazione incredibilmente omogenea fra tutte e duttile, nata oltre cent&#8217;anni fa, tuttavia di rado impiegata al di fuori del jazz e dunque ancora da esplorare.<br \/>\nDalla scuola francese, recentemente \u00e8 fiorita una scuola italiana di sassofono e la qualit\u00e0 tecnica degli strumentisti si \u00e8 molto alzata. Nel frattempo in tutta Europa ha cominciato a costituirsi un repertorio cameristico originale intorno ai vari organici possibili con tale strumento. Io stesso ho scritto La bocca, i piedi, il suono, lavoro di ampie proporzioni destinato a una compagine inconsueta, ovvero: quattro sassofoni contralti solisti pi\u00f9, ad libitum, cento sassofoni in movimento, di ogni taglia.<\/p>\n<\/div>        <\/div>\n    <\/div>\n\n<a href=\"https:\/\/vaguesquartet.com\/index.php\/pagine-e-canzoniere-da-scarlatti\/\" class=\"btn  vc_custom_1536841944778 btn-md btn-orange\" title=\"\">\t<span>Approfondisci<\/span>\n<\/a>\n\n\n\n[vc_separator color=&#8221;orange&#8221; border_width=&#8221;2&#8243; css=&#8221;.vc_custom_1536060861980{margin-top: 50px !important;margin-bottom: 30px !important;}&#8221;][\/vc_column][vc_column width=&#8221;1\/6&#8243;][\/vc_column][\/vc_row][vc_row][vc_column width=&#8221;1\/6&#8243;][\/vc_column][vc_column width=&#8221;2\/3&#8243; el_id=&#8221;progetto2&#8243;][vc_single_image image=&#8221;641&#8243; img_size=&#8221;large&#8221; alignment=&#8221;center&#8221; title=&#8221;Russian Bells&#8221;]\n    <div class=\"tz-vc-heading  \">\n        <div class=\"content left\">\n                        <div class=\"description\"><p style=\"text-align: justify;\">L\u2019unione di due strumenti cos\u00ec lontani ma cos\u00ec affini, l\u2019organo e il saxofono, agli antipodi nell\u2019immaginario comune non solo per la storia che li separa, ma perch\u00e9 gli strumenti forse pi\u00f9 caratteristici di ambienti sociali profondamente opposti, quello dell\u2019istituzione religiosa, e quello del profano dalle sonorit\u00e0 pi\u00f9 lussureggianti, eppure cos\u00ec vicini, entrambi strumenti caratterizzati dall\u2019\u201daria\u201d e dalle \u201cance\u201d.<\/p>\n<\/div>        <\/div>\n    <\/div>\n\n<a href=\"https:\/\/vaguesquartet.com\/index.php\/russian-bells\/\" class=\"btn  vc_custom_1536841982096 btn-md btn-orange\" title=\"\">\t<span>Approfondisci<\/span>\n<\/a>\n\n\n\n[\/vc_column][vc_column width=&#8221;1\/6&#8243;][\/vc_column][\/vc_row][vc_row][vc_column][vc_separator color=&#8221;orange&#8221; border_width=&#8221;2&#8243;]\n<footer class=\"site-footer\">\n            \n<div class=\"site-footer-bottom\">\n    <div class=\"container\">\n                    <\/div>\n<\/div>\n<\/footer>\n[\/vc_column][\/vc_row]\n","protected":false},"excerpt":{"rendered":"<p>[vc_row][vc_column][\/vc_column][\/vc_row][vc_row][vc_column width=&#8221;1\/6&#8243;][\/vc_column][vc_column width=&#8221;2\/3&#8243;][\/vc_column][vc_column width=&#8221;1\/6&#8243;][\/vc_column][\/vc_row][vc_row][vc_column width=&#8221;1\/6&#8243; el_id=&#8221;progetto1&#8243;][\/vc_column][vc_column width=&#8221;2\/3&#8243;][vc_separator color=&#8221;orange&#8221; border_width=&#8221;2&#8243; css=&#8221;.vc_custom_1536060861980{margin-top: 50px !important;margin-bottom: 30px !important;}&#8221;][vc_single_image image=&#8221;616&#8243; img_size=&#8221;large&#8221; alignment=&#8221;center&#8221; title=&#8221;Pagine e Canzoniere da Scarlatti&#8221;][vc_separator color=&#8221;orange&#8221; border_width=&#8221;2&#8243; css=&#8221;.vc_custom_1536060861980{margin-top: 50px !important;margin-bottom: 30px !important;}&#8221;][\/vc_column][vc_column width=&#8221;1\/6&#8243;][\/vc_column][\/vc_row][vc_row][vc_column width=&#8221;1\/6&#8243;][\/vc_column][vc_column width=&#8221;2\/3&#8243; el_id=&#8221;progetto2&#8243;][vc_single_image image=&#8221;641&#8243; img_size=&#8221;large&#8221; alignment=&#8221;center&#8221; title=&#8221;Russian Bells&#8221;][\/vc_column][vc_column width=&#8221;1\/6&#8243;][\/vc_column][\/vc_row][vc_row][vc_column][vc_separator color=&#8221;orange&#8221; border_width=&#8221;2&#8243;][\/vc_column][\/vc_row]<\/p>\n","protected":false},"author":5,"featured_media":0,"parent":0,"menu_order":0,"comment_status":"closed","ping_status":"closed","template":"template-vc.php","meta":{"_bbp_topic_count":0,"_bbp_reply_count":0,"_bbp_total_topic_count":0,"_bbp_total_reply_count":0,"_bbp_voice_count":0,"_bbp_anonymous_reply_count":0,"_bbp_topic_count_hidden":0,"_bbp_reply_count_hidden":0,"_bbp_forum_subforum_count":0},"_links":{"self":[{"href":"https:\/\/vaguesquartet.com\/index.php\/wp-json\/wp\/v2\/pages\/393"}],"collection":[{"href":"https:\/\/vaguesquartet.com\/index.php\/wp-json\/wp\/v2\/pages"}],"about":[{"href":"https:\/\/vaguesquartet.com\/index.php\/wp-json\/wp\/v2\/types\/page"}],"author":[{"embeddable":true,"href":"https:\/\/vaguesquartet.com\/index.php\/wp-json\/wp\/v2\/users\/5"}],"replies":[{"embeddable":true,"href":"https:\/\/vaguesquartet.com\/index.php\/wp-json\/wp\/v2\/comments?post=393"}],"version-history":[{"count":27,"href":"https:\/\/vaguesquartet.com\/index.php\/wp-json\/wp\/v2\/pages\/393\/revisions"}],"predecessor-version":[{"id":620,"href":"https:\/\/vaguesquartet.com\/index.php\/wp-json\/wp\/v2\/pages\/393\/revisions\/620"}],"wp:attachment":[{"href":"https:\/\/vaguesquartet.com\/index.php\/wp-json\/wp\/v2\/media?parent=393"}],"curies":[{"name":"wp","href":"https:\/\/api.w.org\/{rel}","templated":true}]}}